{"id":1694,"date":"2024-06-15T12:21:31","date_gmt":"2024-06-15T15:21:31","guid":{"rendered":"https:\/\/techventureslondon.com\/index.php\/product\/electric-foot-file-pedicure-feet-hard-skin-remover-foot-scraper-dry-dead-skin-remover-callus-exfoliator-rechargeable-feet-scrubber-foot-care-skin-removers\/"},"modified":"2024-06-15T12:21:31","modified_gmt":"2024-06-15T15:21:31","slug":"electric-foot-file-pedicure-feet-hard-skin-remover-foot-scraper-dry-dead-skin-remover-callus-exfoliator-rechargeable-feet-scrubber-foot-care-skin-removers","status":"publish","type":"product","link":"https:\/\/techventureslondon.com\/index.php\/product\/electric-foot-file-pedicure-feet-hard-skin-remover-foot-scraper-dry-dead-skin-remover-callus-exfoliator-rechargeable-feet-scrubber-foot-care-skin-removers\/","title":{"rendered":"Electric Foot File Pedicure Feet Hard Skin Remover Foot Scraper Dry Dead Skin Remover Callus Exfoliator Rechargeable Feet Scrubber Foot Care Skin Removers"},"content":{"rendered":"<p>FUNCIONAMIENTO SENCILLO CON UN BOT\u00d3N: Otros dispositivos pueden ser complicados. La Lima El\u00e9ctrica para Pies de Essy Premium que quita durezas y callos tiene un solo bot\u00f3n sencillo y eficiente. Encienda el dispositivo, cambie la velocidad 1 y 2 de los rodillos, y ap\u00e1guelo con el interruptor. Con el set de pedicura pies removedora de durezas, obtendr\u00e1 pies con la mejor apariencia. ?Es su exfoliante de pies y lima para callos y durezas sencillo!<br \/>\nFUNCIONES ORIENTADAS AL USUARIO: Adem\u00e1s de ser un dispositivo ergon\u00f3mico y multiuso, este ligero quita callos pies para llevar a cualquier sitio tiene un mont\u00f3n de funciones impresionantes que se adaptan a sus necesidades: 2 velocidades ajustables para los rodillos, luz para ayudarle a iluminar los lugares de dif\u00edcil acceso, carga USB conveniente y una pantalla de LED. Adem\u00e1s, este removedor de piel muerta para los pies es resistente al agua y se puede enjuagar bajo el agua mientras se limpia.<br \/>\nDISPOSITIVO EFICIENTE PARA EL CUIDADO DE SUS PIES: ?Quiere pies sedosos y suaves? ?Est\u00e1 cansado de perder tiempo y dinero en el sal\u00f3n de belleza? Br\u00edndeles a sus pies un tratamiento f\u00e1cil pero efectivo profesional en cualquier lugar. La Lima El\u00e9ctrica para Pies de Essy Premium removedora de durezas tiene 3 tipos de rodillos para sus necesidades: un rodillo fino para eliminar la capa fina de piel muerta, uno regular para la m\u00e1s \u00e1spera y uno grueso para durezas, talones agrietados o callosidades.<br \/>\nTECNOLOG\u00cdA DE SEGURIDAD: Esta Lima Electr\u00f3nica recargable para remover callos de los pies tiene implementada una tecnolog\u00eda de &#8220;Bloqueo de presi\u00f3n&#8221;, que detiene autom\u00e1ticamente el dispositivo si se aplica demasiada fuerza al usarlo. Con esta caracter\u00edstica de seguridad, se le asegura un procedimiento seguro y agradable. No presione el dispositivo contra su piel. T\u00f3mese su tiempo y deje que esta escofina para pies con piel dura haga su magia.<br \/>\nCONTENIDO DE LA CAJA: Nuestro extraordinario exfoliante el\u00e9ctrico pies de piel muerta viene con todos los accesorios para unos pies sedosos, suaves y de gran apariencia: dispositivo, tapa del cabezal, 3 tipos de cabezales de escofina (rodillos finos, medios y gruesos), cable de carga USB, cepillo de limpieza y manual de usuario. Nuestra lima durezas pies profesional para piel gruesa viene con 2 rodillos de repuesto, ahorr\u00e1ndole la molestia de gastar tiempo y dinero en reposiciones.<\/p>\n","protected":false},"excerpt":{"rendered":"<p>FUNCIONAMIENTO SENCILLO CON UN BOT\u00d3N: Otros dispositivos pueden ser complicados. La Lima El\u00e9ctrica para Pies de Essy Premium que quita durezas y callos tiene un solo bot\u00f3n sencillo y eficiente. Encienda el dispositivo, cambie la velocidad 1 y 2 de los rodillos, y ap\u00e1guelo con el interruptor. Con el set de pedicura pies removedora de durezas, obtendr\u00e1 pies con la mejor apariencia. ?Es su exfoliante de pies y lima para callos y durezas sencillo!<br \/>\nFUNCIONES ORIENTADAS AL USUARIO: Adem\u00e1s de ser un dispositivo ergon\u00f3mico y multiuso, este ligero quita callos pies para llevar a cualquier sitio tiene un mont\u00f3n de funciones impresionantes que se adaptan a sus necesidades: 2 velocidades ajustables para los rodillos, luz para ayudarle a iluminar los lugares de dif\u00edcil acceso, carga USB conveniente y una pantalla de LED. Adem\u00e1s, este removedor de piel muerta para los pies es resistente al agua y se puede enjuagar bajo el agua mientras se limpia.<br \/>\nDISPOSITIVO EFICIENTE PARA EL CUIDADO DE SUS PIES: ?Quiere pies sedosos y suaves? ?Est\u00e1 cansado de perder tiempo y dinero en el sal\u00f3n de belleza? Br\u00edndeles a sus pies un tratamiento f\u00e1cil pero efectivo profesional en cualquier lugar. La Lima El\u00e9ctrica para Pies de Essy Premium removedora de durezas tiene 3 tipos de rodillos para sus necesidades: un rodillo fino para eliminar la capa fina de piel muerta, uno regular para la m\u00e1s \u00e1spera y uno grueso para durezas, talones agrietados o callosidades.<\/p>\n","protected":false},"featured_media":1695,"comment_status":"open","ping_status":"closed","template":"","meta":[],"product_brand":[],"product_cat":[145],"product_tag":[],"class_list":{"0":"post-1694","1":"product","2":"type-product","3":"status-publish","4":"has-post-thumbnail","6":"product_cat-health-care","7":"pa_brand-brand-essy","8":"pa_date-first-available-22-nov-2022","9":"pa_delivery-information-we-cannot-deliver-certain-products-outside-mainland-uk-details-we-will-only-be-able-to-confirm-if-this-product-can-be-delivered-to-your-chosen-address-when-you-enter-your-delivery-address-at-check","11":"first","12":"instock","13":"sale","14":"shipping-taxable","15":"product-type-external"},"_links":{"self":[{"href":"https:\/\/techventureslondon.com\/index.php\/wp-json\/wp\/v2\/product\/1694","targetHints":{"allow":["GET"]}}],"collection":[{"href":"https:\/\/techventureslondon.com\/index.php\/wp-json\/wp\/v2\/product"}],"about":[{"href":"https:\/\/techventureslondon.com\/index.php\/wp-json\/wp\/v2\/types\/product"}],"replies":[{"embeddable":true,"href":"https:\/\/techventureslondon.com\/index.php\/wp-json\/wp\/v2\/comments?post=1694"}],"wp:featuredmedia":[{"embeddable":true,"href":"https:\/\/techventureslondon.com\/index.php\/wp-json\/wp\/v2\/media\/1695"}],"wp:attachment":[{"href":"https:\/\/techventureslondon.com\/index.php\/wp-json\/wp\/v2\/media?parent=1694"}],"wp:term":[{"taxonomy":"product_brand","embeddable":true,"href":"https:\/\/techventureslondon.com\/index.php\/wp-json\/wp\/v2\/product_brand?post=1694"},{"taxonomy":"product_cat","embeddable":true,"href":"https:\/\/techventureslondon.com\/index.php\/wp-json\/wp\/v2\/product_cat?post=1694"},{"taxonomy":"product_tag","embeddable":true,"href":"https:\/\/techventureslondon.com\/index.php\/wp-json\/wp\/v2\/product_tag?post=1694"}],"curies":[{"name":"wp","href":"https:\/\/api.w.org\/{rel}","templated":true}]}}